{"id":534,"date":"2024-11-16T16:34:22","date_gmt":"2024-11-16T15:34:22","guid":{"rendered":"https:\/\/lamaisondesartisans.ci\/about\/"},"modified":"2024-11-16T18:42:48","modified_gmt":"2024-11-16T17:42:48","slug":"about","status":"publish","type":"page","link":"https:\/\/lamaisondesartisans.ci\/en\/about\/","title":{"rendered":"About"},"content":{"rendered":"<div class=\"wp-block-uagb-container uagb-block-b58a6857 alignfull uagb-is-root-container\"><div class=\"uagb-container-inner-blocks-wrap\">\n<div class=\"wp-block-uagb-info-box uagb-block-f3a95d72 uagb-infobox__content-wrap  uagb-infobox-icon-above-title uagb-infobox-image-valign-top\"><div class=\"uagb-ifb-content\"><div class=\"uagb-ifb-title-wrap\"><span class=\"uagb-ifb-title-prefix\">D\u00e9couvrez l&rsquo;artisanat ivorien<\/span><h1 class=\"uagb-ifb-title\">La Passion au coeur de l&rsquo;Artisanat, la Culture et le Tourisme.<\/h1><\/div><\/div><\/div>\n<\/div><\/div>\n\n\n\n<div class=\"wp-block-uagb-container uagb-block-6180d998 alignfull uagb-is-root-container\"><div class=\"uagb-container-inner-blocks-wrap\">\n<div class=\"wp-block-uagb-container uagb-block-73803a7d\">\n<div class=\"wp-block-uagb-image alignleft uagb-block-f4eb2ae2 wp-block-uagb-image--layout-default wp-block-uagb-image--effect-static wp-block-uagb-image--align-left\"><figure class=\"wp-block-uagb-image__figure\"><img decoding=\"async\" srcset=\"https:\/\/lamaisondesartisans.ci\/wp-content\/uploads\/2024\/11\/Artisan-1-1.jpg ,https:\/\/lamaisondesartisans.ci\/wp-content\/uploads\/2024\/11\/Artisan-1-1.jpg 780w, https:\/\/lamaisondesartisans.ci\/wp-content\/uploads\/2024\/11\/Artisan-1-1.jpg 360w\" sizes=\"auto, (max-width: 480px) 150px\" src=\"https:\/\/lamaisondesartisans.ci\/wp-content\/uploads\/2024\/11\/Artisan-1-1.jpg\" alt=\"\" class=\"uag-image-10\" width=\"550\" height=\"550\" title=\"\" loading=\"lazy\" role=\"img\"\/><\/figure><\/div>\n<\/div>\n\n\n\n<div class=\"wp-block-uagb-container uagb-block-a106220a\">\n<div class=\"wp-block-uagb-info-box uagb-block-c1796f0d uagb-infobox__content-wrap  uagb-infobox-icon-above-title uagb-infobox-image-valign-top\"><div class=\"uagb-ifb-content\"><div class=\"uagb-ifb-title-wrap\"><span class=\"uagb-ifb-title-prefix\"><strong>About<\/strong><\/span><h2 class=\"uagb-ifb-title\">The Maison des Artisans and its mission<\/h2><\/div><div class=\"uagb-ifb-separator\"><\/div><p class=\"uagb-ifb-desc\">La Maison des Artisans est un espace unique en C\u00f4te d&rsquo;Ivoire d\u00e9di\u00e9 \u00e0 la promotion et \u00e0 l&rsquo;expression des artisans locaux. Nous soutenons la diversit\u00e9 et la richesse des savoir-faire \u00e0 travers diff\u00e9rentes initiatives et activit\u00e9s.<\/p><\/div><\/div>\n\n\n\n<div class=\"wp-block-uagb-advanced-heading uagb-block-6df75469\"><p class=\"uagb-desc-text\">Depuis notre cr\u00e9ation, nous avons permis \u00e0 de nombreux artisans de gagner en visibilit\u00e9 et en reconnaissance, en facilitant leur acc\u00e8s \u00e0 des ressources, des formations, conf\u00e9rences , partenariats et des \u00e9v\u00e8nements pertinents, enrichissant ainsi la culture artisanale au plan local et internationale<\/p><\/div>\n<\/div>\n<\/div><\/div>\n\n\n\n<div class=\"wp-block-uagb-container uagb-block-4844c372 alignfull uagb-is-root-container\"><div class=\"uagb-container-inner-blocks-wrap\">\n<div class=\"wp-block-uagb-info-box uagb-block-10403128 uagb-infobox__content-wrap  uagb-infobox-icon-above-title uagb-infobox-image-valign-top\"><div class=\"uagb-ifb-content\"><div class=\"uagb-ifb-title-wrap\"><span class=\"uagb-ifb-title-prefix\">Nos engagements<\/span><h2 class=\"uagb-ifb-title\">Mission et valeurs de notre entreprise<\/h2><\/div><div class=\"uagb-ifb-separator\"><\/div><\/div><\/div>\n\n\n\n<div class=\"wp-block-uagb-container uagb-block-cbeecd5d\">\n<div class=\"wp-block-uagb-info-box uagb-block-a485eae5 uagb-infobox__content-wrap  uagb-infobox-icon-above-title uagb-infobox-image-valign-top\"><div class=\"uagb-ifb-content\"><div class=\"uagb-ifb-title-wrap\"><span class=\"uagb-ifb-title-prefix\">Notre vocation<\/span><h3 class=\"uagb-ifb-title\">Notre mission essentielle<\/h3><\/div><p class=\"uagb-ifb-desc\">Notre mission est de soutenir les artisans en C\u00f4te d&rsquo;Ivoire en leur offrant une plateforme pour exprimer leur cr\u00e9ativit\u00e9, partager leur savoir-faire et commercialiser leurs produits, tout en promouvant l&rsquo;artisanat comme un pilier de la culture nationale.<\/p><\/div><\/div>\n\n\n\n<div class=\"wp-block-uagb-separator uagb-block-a1163d07\"><div class=\"wp-block-uagb-separator__inner\" style=\"--my-background-image:\"><\/div><\/div>\n\n\n\n<div class=\"wp-block-uagb-info-box uagb-block-619321b6 uagb-infobox__content-wrap  uagb-infobox-icon-above-title uagb-infobox-image-valign-top\"><div class=\"uagb-ifb-content\"><div class=\"uagb-ifb-title-wrap\"><span class=\"uagb-ifb-title-prefix\">Principes de notre action<\/span><h3 class=\"uagb-ifb-title\">Nos valeurs fondamentales<\/h3><\/div><p class=\"uagb-ifb-desc\">Nous valorisons l&rsquo;authenticit\u00e9, la durabilit\u00e9 et l&rsquo;inclusivit\u00e9. Notre engagement envers les artisans et la communaut\u00e9 refl\u00e8te notre d\u00e9termination \u00e0 pr\u00e9server les traditions tout en encourageant l&rsquo;innovation et le d\u00e9veloppement \u00e9conomique local.<\/p><\/div><\/div>\n<\/div>\n<\/div><\/div>\n\n\n\n<div class=\"wp-block-uagb-container uagb-block-3e525422 alignfull uagb-is-root-container\"><div class=\"uagb-container-inner-blocks-wrap\">\n<div class=\"wp-block-uagb-image alignleft uagb-block-661124e1 wp-block-uagb-image--layout-default wp-block-uagb-image--effect-static wp-block-uagb-image--align-left\"><figure class=\"wp-block-uagb-image__figure\"><img decoding=\"async\" srcset=\"https:\/\/lamaisondesartisans.ci\/wp-content\/uploads\/2024\/11\/WhatsApp-Image-2024-11-16-at-16.20.44.jpeg ,https:\/\/lamaisondesartisans.ci\/wp-content\/uploads\/2024\/11\/WhatsApp-Image-2024-11-16-at-16.20.44.jpeg 780w, https:\/\/lamaisondesartisans.ci\/wp-content\/uploads\/2024\/11\/WhatsApp-Image-2024-11-16-at-16.20.44.jpeg 360w\" sizes=\"auto, (max-width: 480px) 150px\" src=\"https:\/\/lamaisondesartisans.ci\/wp-content\/uploads\/2024\/11\/WhatsApp-Image-2024-11-16-at-16.20.44.jpeg\" alt=\"\" class=\"uag-image-11\" width=\"1200\" height=\"500\" title=\"\" loading=\"lazy\" role=\"img\"\/><\/figure><\/div>\n\n\n\n<div class=\"wp-block-uagb-container uagb-block-15bb3b6b\">\n<div class=\"wp-block-uagb-info-box uagb-block-0c90adf6 uagb-infobox__content-wrap  uagb-infobox-icon-above-title uagb-infobox-image-valign-top\"><div class=\"uagb-ifb-content\"><div class=\"uagb-ifb-title-wrap\"><span class=\"uagb-ifb-title-prefix\">Notre parcours<\/span><h2 class=\"uagb-ifb-title\">L&rsquo;histoire de La Maison des Artisans<\/h2><\/div><div class=\"uagb-ifb-separator\"><\/div><\/div><\/div>\n\n\n\n<div class=\"wp-block-uagb-advanced-heading uagb-block-8ac89c35\"><p class=\"uagb-heading-text\">La Maison des Artisans a \u00e9t\u00e9 fond\u00e9e pour r\u00e9pondre \u00e0 un besoin urgent de promouvoir l&rsquo;artisanat en C\u00f4te d&rsquo;Ivoire. Depuis sa cr\u00e9ation, nous avons \u00e9volu\u00e9 pour devenir un carrefour de l&rsquo;artisanat, unissant artisans, acteurs du tourisme et culturels, tout en instaurant des partenariats solides avec les autorit\u00e9s locales et les organisations int\u00e9ress\u00e9es.<\/p><p class=\"uagb-desc-text\">Au fil des ann\u00e9es, notre initiative a gagn\u00e9 en reconnaissance et a vu la participation de nombreux artisans locaux, cr\u00e9ant ainsi un r\u00e9seau dynamique qui favorise l&rsquo;\u00e9change et l&rsquo;innovation au sein de la communaut\u00e9 artisanale.<\/p><\/div>\n<\/div>\n<\/div><\/div>\n\n\n\n<div class=\"wp-block-uagb-container uagb-block-0d92c2ce alignfull uagb-is-root-container\"><div class=\"uagb-container-inner-blocks-wrap\">\n<div class=\"wp-block-uagb-info-box uagb-block-dbde4be2 uagb-infobox__content-wrap  uagb-infobox-icon-above-title uagb-infobox-image-valign-top wp-block-uagb-info-box--has-margin\"><div class=\"uagb-infobox-margin-wrapper\"><div class=\"uagb-ifb-content\"><div class=\"uagb-ifb-title-wrap\"><span class=\"uagb-ifb-title-prefix\">Get involved with<\/span><h3 class=\"uagb-ifb-title\">Join our community of artisans today!<\/h3><\/div><p class=\"uagb-ifb-desc\">Sign up to take part in the activities and promote Ivorian crafts.<\/p><div class=\"uagb-ifb-button-wrapper wp-block-button\"><a href=\"\/contact\/\" class=\"uagb-infobox-cta-link wp-block-button__link\" target=\"_self\" rel=\"noopener noreferrer\" onclick=\"return true;\"><span class=\"uagb-inline-editing\">Discover now<\/span><\/a><\/div><\/div><\/div><\/div>\n<\/div><\/div>","protected":false},"excerpt":{"rendered":"<p>Depuis notre cr\u00e9ation, nous avons permis \u00e0 de nombreux artisans de gagner en visibilit\u00e9 et en reconnaissance, en facilitant leur [&hellip;]<\/p>","protected":false},"author":1,"featured_media":0,"parent":0,"menu_order":0,"comment_status":"closed","ping_status":"closed","template":"","meta":{"_surecart_dashboard_logo_width":"180px","_surecart_dashboard_show_logo":true,"_surecart_dashboard_navigation_orders":true,"_surecart_dashboard_navigation_invoices":true,"_surecart_dashboard_navigation_subscriptions":true,"_surecart_dashboard_navigation_downloads":true,"_surecart_dashboard_navigation_billing":true,"_surecart_dashboard_navigation_account":true,"_uag_custom_page_level_css":"","site-sidebar-layout":"default","site-content-layout":"","ast-site-content-layout":"","site-content-style":"default","site-sidebar-style":"default","ast-global-header-display":"","ast-banner-title-visibility":"","ast-main-header-display":"","ast-hfb-above-header-display":"","ast-hfb-below-header-display":"","ast-hfb-mobile-header-display":"","site-post-title":"disabled","ast-breadcrumbs-content":"","ast-featured-img":"","footer-sml-layout":"","theme-transparent-header-meta":"enabled","adv-header-id-meta":"","stick-header-meta":"","header-above-stick-meta":"","header-main-stick-meta":"","header-below-stick-meta":"","astra-migrate-meta-layouts":"default","ast-page-background-enabled":"default","ast-page-background-meta":{"desktop":{"background-color":"var(--ast-global-color-4)","background-image":"","background-repeat":"repeat","background-position":"center center","background-size":"auto","background-attachment":"scroll","background-type":"","background-media":"","overlay-type":"","overlay-color":"","overlay-opacity":"","overlay-gradient":""},"tablet":{"background-color":"","background-image":"","background-repeat":"repeat","background-position":"center center","background-size":"auto","background-attachment":"scroll","background-type":"","background-media":"","overlay-type":"","overlay-color":"","overlay-opacity":"","overlay-gradient":""},"mobile":{"background-color":"","background-image":"","background-repeat":"repeat","background-position":"center center","background-size":"auto","background-attachment":"scroll","background-type":"","background-media":"","overlay-type":"","overlay-color":"","overlay-opacity":"","overlay-gradient":""}},"ast-content-background-meta":{"desktop":{"background-color":"var(--ast-global-color-5)","background-image":"","background-repeat":"repeat","background-position":"center center","background-size":"auto","background-attachment":"scroll","background-type":"","background-media":"","overlay-type":"","overlay-color":"","overlay-opacity":"","overlay-gradient":""},"tablet":{"background-color":"var(--ast-global-color-5)","background-image":"","background-repeat":"repeat","background-position":"center center","background-size":"auto","background-attachment":"scroll","background-type":"","background-media":"","overlay-type":"","overlay-color":"","overlay-opacity":"","overlay-gradient":""},"mobile":{"background-color":"var(--ast-global-color-5)","background-image":"","background-repeat":"repeat","background-position":"center center","background-size":"auto","background-attachment":"scroll","background-type":"","background-media":"","overlay-type":"","overlay-color":"","overlay-opacity":"","overlay-gradient":""}},"footnotes":""},"class_list":["post-534","page","type-page","status-publish","hentry"],"uagb_featured_image_src":{"full":false,"thumbnail":false,"medium":false,"medium_large":false,"large":false,"1536x1536":false,"2048x2048":false,"trp-custom-language-flag":false,"woocommerce_thumbnail":false,"woocommerce_single":false,"woocommerce_gallery_thumbnail":false},"uagb_author_info":{"display_name":"cyberlanca77@gmail.com","author_link":"https:\/\/lamaisondesartisans.ci\/en\/author\/cyberlanca77gmail-com\/"},"uagb_comment_info":0,"uagb_excerpt":"Depuis notre cr\u00e9ation, nous avons permis \u00e0 de nombreux artisans de gagner en visibilit\u00e9 et en reconnaissance, en facilitant leur [&hellip;]","_links":{"self":[{"href":"https:\/\/lamaisondesartisans.ci\/en\/wp-json\/wp\/v2\/pages\/534","targetHints":{"allow":["GET"]}}],"collection":[{"href":"https:\/\/lamaisondesartisans.ci\/en\/wp-json\/wp\/v2\/pages"}],"about":[{"href":"https:\/\/lamaisondesartisans.ci\/en\/wp-json\/wp\/v2\/types\/page"}],"author":[{"embeddable":true,"href":"https:\/\/lamaisondesartisans.ci\/en\/wp-json\/wp\/v2\/users\/1"}],"replies":[{"embeddable":true,"href":"https:\/\/lamaisondesartisans.ci\/en\/wp-json\/wp\/v2\/comments?post=534"}],"version-history":[{"count":5,"href":"https:\/\/lamaisondesartisans.ci\/en\/wp-json\/wp\/v2\/pages\/534\/revisions"}],"predecessor-version":[{"id":758,"href":"https:\/\/lamaisondesartisans.ci\/en\/wp-json\/wp\/v2\/pages\/534\/revisions\/758"}],"wp:attachment":[{"href":"https:\/\/lamaisondesartisans.ci\/en\/wp-json\/wp\/v2\/media?parent=534"}],"curies":[{"name":"wp","href":"https:\/\/api.w.org\/{rel}","templated":true}]}}