{"id":535,"date":"2024-11-16T16:34:22","date_gmt":"2024-11-16T15:34:22","guid":{"rendered":"https:\/\/lamaisondesartisans.ci\/service\/"},"modified":"2024-11-16T19:02:52","modified_gmt":"2024-11-16T18:02:52","slug":"activites","status":"publish","type":"page","link":"https:\/\/lamaisondesartisans.ci\/en\/activites\/","title":{"rendered":"Activities"},"content":{"rendered":"<div class=\"wp-block-uagb-container uagb-block-b58a6857 alignfull uagb-is-root-container\"><div class=\"uagb-container-inner-blocks-wrap\">\n<div class=\"wp-block-uagb-info-box uagb-block-f3a95d72 uagb-infobox__content-wrap  uagb-infobox-icon-above-title uagb-infobox-image-valign-top\"><div class=\"uagb-ifb-content\"><div class=\"uagb-ifb-title-wrap\"><span class=\"uagb-ifb-title-prefix\">Activities<\/span><h1 class=\"uagb-ifb-title\">D\u00e9couvrez l&rsquo; ensemble de nos Activit\u00e9s<\/h1><\/div><\/div><\/div>\n<\/div><\/div>\n\n\n\n<div style=\"height:32px\" aria-hidden=\"true\" class=\"wp-block-spacer\"><\/div>\n\n\n\n<h3 class=\"wp-block-heading\">La culture africaine et ivoirienne ce vis \u00e0 BASSAM ET DANS LE SUD COMOE<\/h3>\n\n\n\n<div class=\"wp-block-uagb-container uagb-block-6180d998 alignfull uagb-is-root-container\"><div class=\"uagb-container-inner-blocks-wrap\">\n<div class=\"wp-block-uagb-container uagb-block-628d9df7\">\n<div class=\"wp-block-uagb-container uagb-block-fc3b9fca\">\n<div class=\"wp-block-uagb-image alignleft uagb-block-e06a10d8 wp-block-uagb-image--layout-default wp-block-uagb-image--effect-static wp-block-uagb-image--align-left\"><figure class=\"wp-block-uagb-image__figure\"><a class=\"\" href=\"https:\/\/lamaisondesartisans.ci\/fiact\/\" target=\"\" rel=\"noopener\"><img decoding=\"async\" srcset=\"https:\/\/lamaisondesartisans.ci\/wp-content\/uploads\/2024\/11\/WhatsApp-Image-2024-11-16-at-16.07.07.jpeg ,https:\/\/lamaisondesartisans.ci\/wp-content\/uploads\/2024\/11\/WhatsApp-Image-2024-11-16-at-16.07.07.jpeg 780w, https:\/\/lamaisondesartisans.ci\/wp-content\/uploads\/2024\/11\/WhatsApp-Image-2024-11-16-at-16.07.07.jpeg 360w\" sizes=\"auto, (max-width: 480px) 150px\" src=\"https:\/\/lamaisondesartisans.ci\/wp-content\/uploads\/2024\/11\/WhatsApp-Image-2024-11-16-at-16.07.07.jpeg\" alt=\"\" class=\"uag-image-16\" width=\"460\" height=\"550\" title=\"WhatsApp Image 2024-11-16 at 16.07.07\" loading=\"lazy\" role=\"img\"\/><\/a><\/figure><\/div>\n<\/div>\n\n\n\n<div class=\"wp-block-uagb-container uagb-block-a106220a\">\n<div class=\"wp-block-uagb-info-box uagb-block-c1796f0d uagb-infobox__content-wrap  uagb-infobox-icon-above-title uagb-infobox-image-valign-top wp-block-uagb-info-box--has-margin\"><div class=\"uagb-infobox-margin-wrapper\"><div class=\"uagb-ifb-content\"><div class=\"uagb-ifb-title-wrap\"><span class=\"uagb-ifb-title-prefix\">01.<\/span><h2 class=\"uagb-ifb-title\"><a href=\"https:\/\/lamaisondesartisans.ci\/fiact\/\">Foire internationale de l&rsquo;artisanat, de la culture et du tourisme<\/a> <\/h2><\/div><div class=\"uagb-ifb-separator\"><\/div><p class=\"uagb-ifb-desc\">La foire internationale de l&rsquo;artisanat propose une plateforme unique pour les artisans de la C\u00f4te d&rsquo;Ivoire et d&rsquo;ailleurs. Cet \u00e9v\u00e9nement annuel rassemble des exposants, des acheteurs et des passionn\u00e9s d&rsquo;artisanat, favorisant les \u00e9changes culturels et commerciaux. Des conf\u00e9rences, des ateliers et des spectacles sont au programme, offrant une immersion totale dans l&rsquo;univers de l&rsquo;artisanat. Les visiteurs auront l&rsquo;opportunit\u00e9 de d\u00e9couvrir des produits authentiques, de nouer des partenariats et d&rsquo;enrichir leur connaissance des diff\u00e9rentes cultures artisanales.<\/p><\/div><\/div><\/div>\n<\/div>\n<\/div>\n\n\n\n<div class=\"wp-block-uagb-separator uagb-block-b241b47b\"><div class=\"wp-block-uagb-separator__inner\" style=\"--my-background-image:\"><\/div><\/div>\n\n\n\n<div class=\"wp-block-uagb-container uagb-block-7e85c889\">\n<div class=\"wp-block-uagb-container uagb-block-4541bc32\">\n<div class=\"wp-block-uagb-info-box uagb-block-812031ae uagb-infobox__content-wrap  uagb-infobox-icon-above-title uagb-infobox-image-valign-top wp-block-uagb-info-box--has-margin\"><div class=\"uagb-infobox-margin-wrapper\"><div class=\"uagb-ifb-content\"><div class=\"uagb-ifb-title-wrap\"><span class=\"uagb-ifb-title-prefix\">02.<\/span><h2 class=\"uagb-ifb-title\">Open Days<\/h2><\/div><div class=\"uagb-ifb-separator\"><\/div><p class=\"uagb-ifb-desc\">Les journ\u00e9es portes ouvertes sont des \u00e9v\u00e9nements incontournables pour mettre en avant le travail des artisans. Ces journ\u00e9es permettent au public de rencontrer les artisans, d&rsquo;admirer leurs cr\u00e9ations et de comprendre le processus de fabrication. En plus des d\u00e9monstrations en direct, des ateliers interactifs sont souvent propos\u00e9s pour initier les visiteurs \u00e0 diff\u00e9rents arts. C&rsquo;est une opportunit\u00e9 unique de soutenir l&rsquo;artisanat local et de d\u00e9couvrir les richesses culturelles de notre r\u00e9gion.<\/p><\/div><\/div><\/div>\n<\/div>\n\n\n\n<div class=\"wp-block-uagb-container uagb-block-9873aa12\">\n<div class=\"wp-block-uagb-image alignleft uagb-block-d39ce795 wp-block-uagb-image--layout-default wp-block-uagb-image--effect-static wp-block-uagb-image--align-left\"><figure class=\"wp-block-uagb-image__figure\"><img decoding=\"async\" srcset=\"https:\/\/lamaisondesartisans.ci\/wp-content\/uploads\/2024\/11\/WhatsApp-Image-2024-11-16-at-17.42.11-1024x378.jpeg ,https:\/\/lamaisondesartisans.ci\/wp-content\/uploads\/2024\/11\/WhatsApp-Image-2024-11-16-at-17.42.11.jpeg 780w, https:\/\/lamaisondesartisans.ci\/wp-content\/uploads\/2024\/11\/WhatsApp-Image-2024-11-16-at-17.42.11.jpeg 360w\" sizes=\"auto, (max-width: 480px) 150px\" src=\"https:\/\/lamaisondesartisans.ci\/wp-content\/uploads\/2024\/11\/WhatsApp-Image-2024-11-16-at-17.42.11-1024x378.jpeg\" alt=\"\" class=\"uag-image-765\" width=\"460\" height=\"550\" title=\"WhatsApp Image 2024-11-16 at 17.42.11\" loading=\"lazy\" role=\"img\"\/><\/figure><\/div>\n<\/div>\n<\/div>\n\n\n\n<div class=\"wp-block-uagb-separator uagb-block-746aac88\"><div class=\"wp-block-uagb-separator__inner\" style=\"--my-background-image:\"><\/div><\/div>\n\n\n\n<div class=\"wp-block-uagb-container uagb-block-fd7fd3e9\">\n<div class=\"wp-block-uagb-container uagb-block-95fd0d38\">\n<div class=\"wp-block-uagb-image alignleft uagb-block-b08d3640 wp-block-uagb-image--layout-default wp-block-uagb-image--effect-static wp-block-uagb-image--align-left\"><figure class=\"wp-block-uagb-image__figure\"><img decoding=\"async\" srcset=\"https:\/\/lamaisondesartisans.ci\/wp-content\/uploads\/2024\/11\/WhatsApp-Image-2024-11-16-at-16.26.08.jpeg ,https:\/\/lamaisondesartisans.ci\/wp-content\/uploads\/2024\/11\/WhatsApp-Image-2024-11-16-at-16.26.08.jpeg 780w, https:\/\/lamaisondesartisans.ci\/wp-content\/uploads\/2024\/11\/WhatsApp-Image-2024-11-16-at-16.26.08.jpeg 360w\" sizes=\"auto, (max-width: 480px) 150px\" src=\"https:\/\/lamaisondesartisans.ci\/wp-content\/uploads\/2024\/11\/WhatsApp-Image-2024-11-16-at-16.26.08.jpeg\" alt=\"\" class=\"uag-image-17\" width=\"560\" height=\"500\" title=\"\" loading=\"lazy\" role=\"img\"\/><\/figure><\/div>\n<\/div>\n\n\n\n<div class=\"wp-block-uagb-container uagb-block-bfb213a7\">\n<div class=\"wp-block-uagb-info-box uagb-block-518dc936 uagb-infobox__content-wrap  uagb-infobox-icon-above-title uagb-infobox-image-valign-top wp-block-uagb-info-box--has-margin\"><div class=\"uagb-infobox-margin-wrapper\"><div class=\"uagb-ifb-content\"><div class=\"uagb-ifb-title-wrap\"><span class=\"uagb-ifb-title-prefix\">03.<\/span><h2 class=\"uagb-ifb-title\">Holiday exhibitions<\/h2><\/div><div class=\"uagb-ifb-separator\"><\/div><p class=\"uagb-ifb-desc\">Les expositions vacances sont l&rsquo;occasion de c\u00e9l\u00e9brer la cr\u00e9ativit\u00e9 des artisans \u00e0 travers des th\u00e8mes vari\u00e9s. Ces \u00e9v\u00e9nements mettent en lumi\u00e8re des \u0153uvres uniques, allant de l&rsquo;artisanat traditionnel aux cr\u00e9ations contemporaines. Les visiteurs peuvent explorer un large \u00e9ventail de produits, rencontrer les artisans derri\u00e8re chaque pi\u00e8ce, et participer \u00e0 des activit\u00e9s adapt\u00e9es pour toute la famille. Les expositions offrent \u00e9galement des moments de d\u00e9couvertes culturelles rythm\u00e9s par des performances artistiques et des animations.<\/p><\/div><\/div><\/div>\n<\/div>\n<\/div>\n\n\n\n<div class=\"wp-block-uagb-separator uagb-block-e3f81b60\"><div class=\"wp-block-uagb-separator__inner\" style=\"--my-background-image:\"><\/div><\/div>\n\n\n\n<div class=\"wp-block-uagb-container uagb-block-6c39df98\">\n<div class=\"wp-block-uagb-container uagb-block-b9fa217f\">\n<div class=\"wp-block-uagb-info-box uagb-block-604ec268 uagb-infobox__content-wrap  uagb-infobox-icon-above-title uagb-infobox-image-valign-top wp-block-uagb-info-box--has-margin\"><div class=\"uagb-infobox-margin-wrapper\"><div class=\"uagb-ifb-content\"><div class=\"uagb-ifb-title-wrap\"><span class=\"uagb-ifb-title-prefix\">04.<\/span><h2 class=\"uagb-ifb-title\">Training Workshops<\/h2><\/div><div class=\"uagb-ifb-separator\"><\/div><p class=\"uagb-ifb-desc\">Nos ateliers de formation sont con\u00e7us pour accompagner les artisans dans leur d\u00e9veloppement professionnel. Que vous soyez d\u00e9butant ou confirm\u00e9, vous trouverez des sessions adapt\u00e9es \u00e0 votre niveau. Nos formateurs exp\u00e9riment\u00e9s partagent leurs savoir-faire \u00e0 travers des techniques pratiques et des conseils personnalis\u00e9s. Rejoignez-nous pour apprendre de nouvelles comp\u00e9tences, \u00e9changer des id\u00e9es et cr\u00e9er des liens avec d&rsquo;autres passionn\u00e9s. Les ateliers se d\u00e9roulent r\u00e9guli\u00e8rement et sont ouverts \u00e0 tous les artisans de la C\u00f4te d&rsquo;Ivoire<\/p><\/div><\/div><\/div>\n<\/div>\n\n\n\n<div class=\"wp-block-uagb-container uagb-block-842b92c5\">\n<div class=\"wp-block-uagb-image alignleft uagb-block-f02e781c wp-block-uagb-image--layout-default wp-block-uagb-image--effect-static wp-block-uagb-image--align-left\"><figure class=\"wp-block-uagb-image__figure\"><img decoding=\"async\" srcset=\"https:\/\/lamaisondesartisans.ci\/wp-content\/uploads\/2024\/11\/WhatsApp-Image-2024-11-16-at-16.26.07.jpeg ,https:\/\/lamaisondesartisans.ci\/wp-content\/uploads\/2024\/11\/WhatsApp-Image-2024-11-16-at-16.26.07.jpeg 780w, https:\/\/lamaisondesartisans.ci\/wp-content\/uploads\/2024\/11\/WhatsApp-Image-2024-11-16-at-16.26.07.jpeg 360w\" sizes=\"auto, (max-width: 480px) 150px\" src=\"https:\/\/lamaisondesartisans.ci\/wp-content\/uploads\/2024\/11\/WhatsApp-Image-2024-11-16-at-16.26.07.jpeg\" alt=\"\" class=\"uag-image-18\" width=\"560\" height=\"500\" title=\"\" loading=\"lazy\" role=\"img\"\/><\/figure><\/div>\n<\/div>\n<\/div>\n\n\n\n<div class=\"wp-block-uagb-container uagb-block-a71fb2aa\">\n<div class=\"wp-block-uagb-container uagb-block-04fd4665\">\n<div class=\"wp-block-uagb-image alignleft uagb-block-cac4cf54 wp-block-uagb-image--layout-default wp-block-uagb-image--effect-static wp-block-uagb-image--align-left\"><figure class=\"wp-block-uagb-image__figure\"><img decoding=\"async\" srcset=\"https:\/\/lamaisondesartisans.ci\/wp-content\/uploads\/2024\/11\/WhatsApp-Image-2024-11-16-at-16.26.08.jpeg ,https:\/\/lamaisondesartisans.ci\/wp-content\/uploads\/2024\/11\/WhatsApp-Image-2024-11-16-at-16.26.08.jpeg 780w, https:\/\/lamaisondesartisans.ci\/wp-content\/uploads\/2024\/11\/WhatsApp-Image-2024-11-16-at-16.26.08.jpeg 360w\" sizes=\"auto, (max-width: 480px) 150px\" src=\"https:\/\/lamaisondesartisans.ci\/wp-content\/uploads\/2024\/11\/WhatsApp-Image-2024-11-16-at-16.26.08.jpeg\" alt=\"\" class=\"uag-image-17\" width=\"560\" height=\"500\" title=\"\" loading=\"lazy\" role=\"img\"\/><\/figure><\/div>\n<\/div>\n\n\n\n<div class=\"wp-block-uagb-container uagb-block-23c78836\">\n<div class=\"wp-block-uagb-info-box uagb-block-b1082934 uagb-infobox__content-wrap  uagb-infobox-icon-above-title uagb-infobox-image-valign-top wp-block-uagb-info-box--has-margin\"><div class=\"uagb-infobox-margin-wrapper\"><div class=\"uagb-ifb-content\"><div class=\"uagb-ifb-title-wrap\"><span class=\"uagb-ifb-title-prefix\">05.<\/span><h2 class=\"uagb-ifb-title\">MIVA<\/h2><\/div><div class=\"uagb-ifb-separator\"><\/div><p class=\"uagb-ifb-desc\">&#8212;&#8212;&#8212;&#8212;&#8212;&#8212;&#8212;&#8212;&#8212;&#8212;&#8212;&#8212;&#8212;&#8212;&#8212;&#8212;<\/p><\/div><\/div><\/div>\n<\/div>\n<\/div>\n\n\n\n<div class=\"wp-block-uagb-container uagb-block-e644aa4f\">\n<div class=\"wp-block-uagb-container uagb-block-7eebdfcf\">\n<div class=\"wp-block-uagb-info-box uagb-block-5b59024e uagb-infobox__content-wrap  uagb-infobox-icon-above-title uagb-infobox-image-valign-top wp-block-uagb-info-box--has-margin\"><div class=\"uagb-infobox-margin-wrapper\"><div class=\"uagb-ifb-content\"><div class=\"uagb-ifb-title-wrap\"><span class=\"uagb-ifb-title-prefix\">06.<\/span><h2 class=\"uagb-ifb-title\">SIAO<\/h2><\/div><div class=\"uagb-ifb-separator\"><\/div><p class=\"uagb-ifb-desc\">&#8212;&#8212;&#8212;&#8212;&#8212;&#8212;&#8212;&#8212;&#8212;&#8212;&#8212;<\/p><\/div><\/div><\/div>\n<\/div>\n\n\n\n<div class=\"wp-block-uagb-container uagb-block-4f8d76ad\">\n<div class=\"wp-block-uagb-image alignleft uagb-block-e89a3a83 wp-block-uagb-image--layout-default wp-block-uagb-image--effect-static wp-block-uagb-image--align-left\"><figure class=\"wp-block-uagb-image__figure\"><img decoding=\"async\" srcset=\"https:\/\/lamaisondesartisans.ci\/wp-content\/uploads\/2024\/11\/WhatsApp-Image-2024-11-16-at-16.26.07.jpeg ,https:\/\/lamaisondesartisans.ci\/wp-content\/uploads\/2024\/11\/WhatsApp-Image-2024-11-16-at-16.26.07.jpeg 780w, https:\/\/lamaisondesartisans.ci\/wp-content\/uploads\/2024\/11\/WhatsApp-Image-2024-11-16-at-16.26.07.jpeg 360w\" sizes=\"auto, (max-width: 480px) 150px\" src=\"https:\/\/lamaisondesartisans.ci\/wp-content\/uploads\/2024\/11\/WhatsApp-Image-2024-11-16-at-16.26.07.jpeg\" alt=\"\" class=\"uag-image-18\" width=\"560\" height=\"500\" title=\"\" loading=\"lazy\" role=\"img\"\/><\/figure><\/div>\n<\/div>\n<\/div>\n\n\n\n<div class=\"wp-block-uagb-container uagb-block-10f0daf9\"><\/div>\n<\/div><\/div>\n\n\n\n<div class=\"wp-block-uagb-container uagb-block-0d92c2ce alignfull uagb-is-root-container\"><div class=\"uagb-container-inner-blocks-wrap\">\n<div class=\"wp-block-uagb-info-box uagb-block-dbde4be2 uagb-infobox__content-wrap  uagb-infobox-icon-above-title uagb-infobox-image-valign-top wp-block-uagb-info-box--has-margin\"><div class=\"uagb-infobox-margin-wrapper\"><div class=\"uagb-ifb-content\"><div class=\"uagb-ifb-title-wrap\"><span class=\"uagb-ifb-title-prefix\">Get involved with<\/span><h3 class=\"uagb-ifb-title\">Join our community of artisans today!<\/h3><\/div><p class=\"uagb-ifb-desc\">Sign up to take part in the activities and promote Ivorian crafts.<\/p><div class=\"uagb-ifb-button-wrapper wp-block-button\"><a href=\"\/contact\/\" class=\"uagb-infobox-cta-link wp-block-button__link\" target=\"_self\" rel=\"noopener noreferrer\" onclick=\"return true;\"><span class=\"uagb-inline-editing\">Discover now<\/span><\/a><\/div><\/div><\/div><\/div>\n<\/div><\/div>\n\n\n\n<p><\/p>","protected":false},"excerpt":{"rendered":"<p>La culture africaine et ivoirienne ce vis \u00e0 BASSAM ET DANS LE SUD COMOE<\/p>","protected":false},"author":1,"featured_media":0,"parent":0,"menu_order":0,"comment_status":"closed","ping_status":"closed","template":"","meta":{"_surecart_dashboard_logo_width":"180px","_surecart_dashboard_show_logo":true,"_surecart_dashboard_navigation_orders":true,"_surecart_dashboard_navigation_invoices":true,"_surecart_dashboard_navigation_subscriptions":true,"_surecart_dashboard_navigation_downloads":true,"_surecart_dashboard_navigation_billing":true,"_surecart_dashboard_navigation_account":true,"_uag_custom_page_level_css":"","site-sidebar-layout":"default","site-content-layout":"","ast-site-content-layout":"","site-content-style":"default","site-sidebar-style":"default","ast-global-header-display":"","ast-banner-title-visibility":"","ast-main-header-display":"","ast-hfb-above-header-display":"","ast-hfb-below-header-display":"","ast-hfb-mobile-header-display":"","site-post-title":"disabled","ast-breadcrumbs-content":"","ast-featured-img":"","footer-sml-layout":"","theme-transparent-header-meta":"enabled","adv-header-id-meta":"","stick-header-meta":"","header-above-stick-meta":"","header-main-stick-meta":"","header-below-stick-meta":"","astra-migrate-meta-layouts":"default","ast-page-background-enabled":"default","ast-page-background-meta":{"desktop":{"background-color":"var(--ast-global-color-4)","background-image":"","background-repeat":"repeat","background-position":"center center","background-size":"auto","background-attachment":"scroll","background-type":"","background-media":"","overlay-type":"","overlay-color":"","overlay-opacity":"","overlay-gradient":""},"tablet":{"background-color":"","background-image":"","background-repeat":"repeat","background-position":"center center","background-size":"auto","background-attachment":"scroll","background-type":"","background-media":"","overlay-type":"","overlay-color":"","overlay-opacity":"","overlay-gradient":""},"mobile":{"background-color":"","background-image":"","background-repeat":"repeat","background-position":"center center","background-size":"auto","background-attachment":"scroll","background-type":"","background-media":"","overlay-type":"","overlay-color":"","overlay-opacity":"","overlay-gradient":""}},"ast-content-background-meta":{"desktop":{"background-color":"var(--ast-global-color-5)","background-image":"","background-repeat":"repeat","background-position":"center center","background-size":"auto","background-attachment":"scroll","background-type":"","background-media":"","overlay-type":"","overlay-color":"","overlay-opacity":"","overlay-gradient":""},"tablet":{"background-color":"var(--ast-global-color-5)","background-image":"","background-repeat":"repeat","background-position":"center center","background-size":"auto","background-attachment":"scroll","background-type":"","background-media":"","overlay-type":"","overlay-color":"","overlay-opacity":"","overlay-gradient":""},"mobile":{"background-color":"var(--ast-global-color-5)","background-image":"","background-repeat":"repeat","background-position":"center center","background-size":"auto","background-attachment":"scroll","background-type":"","background-media":"","overlay-type":"","overlay-color":"","overlay-opacity":"","overlay-gradient":""}},"footnotes":""},"class_list":["post-535","page","type-page","status-publish","hentry"],"uagb_featured_image_src":{"full":false,"thumbnail":false,"medium":false,"medium_large":false,"large":false,"1536x1536":false,"2048x2048":false,"trp-custom-language-flag":false,"woocommerce_thumbnail":false,"woocommerce_single":false,"woocommerce_gallery_thumbnail":false},"uagb_author_info":{"display_name":"cyberlanca77@gmail.com","author_link":"https:\/\/lamaisondesartisans.ci\/en\/author\/cyberlanca77gmail-com\/"},"uagb_comment_info":0,"uagb_excerpt":"La culture africaine et ivoirienne ce vis \u00e0 BASSAM ET DANS LE SUD COMOE","_links":{"self":[{"href":"https:\/\/lamaisondesartisans.ci\/en\/wp-json\/wp\/v2\/pages\/535","targetHints":{"allow":["GET"]}}],"collection":[{"href":"https:\/\/lamaisondesartisans.ci\/en\/wp-json\/wp\/v2\/pages"}],"about":[{"href":"https:\/\/lamaisondesartisans.ci\/en\/wp-json\/wp\/v2\/types\/page"}],"author":[{"embeddable":true,"href":"https:\/\/lamaisondesartisans.ci\/en\/wp-json\/wp\/v2\/users\/1"}],"replies":[{"embeddable":true,"href":"https:\/\/lamaisondesartisans.ci\/en\/wp-json\/wp\/v2\/comments?post=535"}],"version-history":[{"count":4,"href":"https:\/\/lamaisondesartisans.ci\/en\/wp-json\/wp\/v2\/pages\/535\/revisions"}],"predecessor-version":[{"id":787,"href":"https:\/\/lamaisondesartisans.ci\/en\/wp-json\/wp\/v2\/pages\/535\/revisions\/787"}],"wp:attachment":[{"href":"https:\/\/lamaisondesartisans.ci\/en\/wp-json\/wp\/v2\/media?parent=535"}],"curies":[{"name":"wp","href":"https:\/\/api.w.org\/{rel}","templated":true}]}}