{"id":779,"date":"2024-11-16T18:30:41","date_gmt":"2024-11-16T17:30:41","guid":{"rendered":"https:\/\/lamaisondesartisans.ci\/?page_id=779"},"modified":"2024-11-16T19:20:13","modified_gmt":"2024-11-16T18:20:13","slug":"institutions","status":"publish","type":"page","link":"https:\/\/lamaisondesartisans.ci\/en\/institutions\/","title":{"rendered":"Institutions"},"content":{"rendered":"<div class=\"wp-block-uagb-container uagb-block-b58a6857 alignfull uagb-is-root-container\"><div class=\"uagb-container-inner-blocks-wrap\">\n<div class=\"wp-block-uagb-info-box uagb-block-f3a95d72 uagb-infobox__content-wrap  uagb-infobox-icon-above-title uagb-infobox-image-valign-top\"><div class=\"uagb-ifb-content\"><div class=\"uagb-ifb-title-wrap\"><span class=\"uagb-ifb-title-prefix\">Instititions<\/span><h1 class=\"uagb-ifb-title\">Nos Partenaires<\/h1><\/div><\/div><\/div>\n<\/div><\/div>\n\n\n\n<div class=\"wp-block-uagb-container uagb-block-6180d998 alignfull uagb-is-root-container\"><div class=\"uagb-container-inner-blocks-wrap\">\n<div class=\"wp-block-uagb-container uagb-block-628d9df7\">\n<div class=\"wp-block-uagb-container uagb-block-fc3b9fca\">\n<div class=\"wp-block-uagb-image alignleft uagb-block-e06a10d8 wp-block-uagb-image--layout-default wp-block-uagb-image--effect-static wp-block-uagb-image--align-left\"><figure class=\"wp-block-uagb-image__figure\"><img decoding=\"async\" srcset=\"https:\/\/lamaisondesartisans.ci\/wp-content\/uploads\/2024\/11\/WhatsApp-Image-2024-11-16-at-16.26.07.jpeg ,https:\/\/lamaisondesartisans.ci\/wp-content\/uploads\/2024\/11\/WhatsApp-Image-2024-11-16-at-16.26.07.jpeg 780w, https:\/\/lamaisondesartisans.ci\/wp-content\/uploads\/2024\/11\/WhatsApp-Image-2024-11-16-at-16.26.07.jpeg 360w\" sizes=\"auto, (max-width: 480px) 150px\" src=\"https:\/\/lamaisondesartisans.ci\/wp-content\/uploads\/2024\/11\/WhatsApp-Image-2024-11-16-at-16.26.07.jpeg\" alt=\"\" class=\"uag-image-18\" width=\"460\" height=\"550\" title=\"WhatsApp Image 2024-11-16 at 16.26.07\" loading=\"lazy\" role=\"img\"\/><\/figure><\/div>\n<\/div>\n\n\n\n<div class=\"wp-block-uagb-container uagb-block-a106220a\">\n<div class=\"wp-block-uagb-info-box uagb-block-c1796f0d uagb-infobox__content-wrap  uagb-infobox-icon-above-title uagb-infobox-image-valign-top wp-block-uagb-info-box--has-margin\"><div class=\"uagb-infobox-margin-wrapper\"><div class=\"uagb-ifb-content\"><div class=\"uagb-ifb-title-wrap\"><span class=\"uagb-ifb-title-prefix\">01.<\/span><h2 class=\"uagb-ifb-title\">Minist\u00e8re<\/h2><\/div><div class=\"uagb-ifb-separator\"><\/div><p class=\"uagb-ifb-desc\">&#8212;&#8212;&#8212;&#8212;&#8212;&#8212;&#8212;&#8212;&#8212;&#8211;<\/p><\/div><\/div><\/div>\n<\/div>\n<\/div>\n\n\n\n<div class=\"wp-block-uagb-separator uagb-block-b241b47b\"><div class=\"wp-block-uagb-separator__inner\" style=\"--my-background-image:\"><\/div><\/div>\n\n\n\n<div class=\"wp-block-uagb-container uagb-block-7e85c889\">\n<div class=\"wp-block-uagb-container uagb-block-4541bc32\">\n<div class=\"wp-block-uagb-info-box uagb-block-812031ae uagb-infobox__content-wrap  uagb-infobox-icon-above-title uagb-infobox-image-valign-top wp-block-uagb-info-box--has-margin\"><div class=\"uagb-infobox-margin-wrapper\"><div class=\"uagb-ifb-content\"><div class=\"uagb-ifb-title-wrap\"><span class=\"uagb-ifb-title-prefix\">02.<\/span><h2 class=\"uagb-ifb-title\">COPA<\/h2><\/div><div class=\"uagb-ifb-separator\"><\/div><p class=\"uagb-ifb-desc\">&#8212;&#8212;&#8212;&#8212;&#8212;&#8212;&#8212;&#8212;&#8212;&#8212;&#8212;&#8212;&#8212;&#8212;&#8212;&#8212;&#8212;-<\/p><\/div><\/div><\/div>\n<\/div>\n\n\n\n<div class=\"wp-block-uagb-container uagb-block-9873aa12\">\n<div class=\"wp-block-uagb-image alignleft uagb-block-d39ce795 wp-block-uagb-image--layout-default wp-block-uagb-image--effect-static wp-block-uagb-image--align-left\"><figure class=\"wp-block-uagb-image__figure\"><img decoding=\"async\" srcset=\"https:\/\/lamaisondesartisans.ci\/wp-content\/uploads\/2024\/11\/WhatsApp-Image-2024-11-16-at-16.26.08.jpeg ,https:\/\/lamaisondesartisans.ci\/wp-content\/uploads\/2024\/11\/WhatsApp-Image-2024-11-16-at-16.26.08.jpeg 780w, https:\/\/lamaisondesartisans.ci\/wp-content\/uploads\/2024\/11\/WhatsApp-Image-2024-11-16-at-16.26.08.jpeg 360w\" sizes=\"auto, (max-width: 480px) 150px\" src=\"https:\/\/lamaisondesartisans.ci\/wp-content\/uploads\/2024\/11\/WhatsApp-Image-2024-11-16-at-16.26.08.jpeg\" alt=\"\" class=\"uag-image-17\" width=\"460\" height=\"550\" title=\"WhatsApp Image 2024-11-16 at 16.26.08\" loading=\"lazy\" role=\"img\"\/><\/figure><\/div>\n<\/div>\n<\/div>\n\n\n\n<div class=\"wp-block-uagb-separator uagb-block-746aac88\"><div class=\"wp-block-uagb-separator__inner\" style=\"--my-background-image:\"><\/div><\/div>\n\n\n\n<div class=\"wp-block-uagb-container uagb-block-fd7fd3e9\">\n<div class=\"wp-block-uagb-container uagb-block-95fd0d38\">\n<div class=\"wp-block-uagb-image alignleft uagb-block-b08d3640 wp-block-uagb-image--layout-default wp-block-uagb-image--effect-static wp-block-uagb-image--align-left\"><figure class=\"wp-block-uagb-image__figure\"><img decoding=\"async\" srcset=\"https:\/\/lamaisondesartisans.ci\/wp-content\/uploads\/2024\/11\/WhatsApp-Image-2024-11-16-at-16.26.08.jpeg ,https:\/\/lamaisondesartisans.ci\/wp-content\/uploads\/2024\/11\/WhatsApp-Image-2024-11-16-at-16.26.08.jpeg 780w, https:\/\/lamaisondesartisans.ci\/wp-content\/uploads\/2024\/11\/WhatsApp-Image-2024-11-16-at-16.26.08.jpeg 360w\" sizes=\"auto, (max-width: 480px) 150px\" src=\"https:\/\/lamaisondesartisans.ci\/wp-content\/uploads\/2024\/11\/WhatsApp-Image-2024-11-16-at-16.26.08.jpeg\" alt=\"\" class=\"uag-image-17\" width=\"560\" height=\"500\" title=\"\" loading=\"lazy\" role=\"img\"\/><\/figure><\/div>\n<\/div>\n\n\n\n<div class=\"wp-block-uagb-container uagb-block-bfb213a7\">\n<div class=\"wp-block-uagb-info-box uagb-block-518dc936 uagb-infobox__content-wrap  uagb-infobox-icon-above-title uagb-infobox-image-valign-top wp-block-uagb-info-box--has-margin\"><div class=\"uagb-infobox-margin-wrapper\"><div class=\"uagb-ifb-content\"><div class=\"uagb-ifb-title-wrap\"><span class=\"uagb-ifb-title-prefix\">03.<\/span><h2 class=\"uagb-ifb-title\"><a href=\"https:\/\/lamaisondesartisans.ci\/wp-content\/uploads\/2024\/11\/2024-PRESENTATION-FLAYER-CRP-2.docx\">CRP<\/a><\/h2><\/div><div class=\"uagb-ifb-separator\"><\/div><p class=\"uagb-ifb-desc\">Cr\u00e9\u00e9 en 1971 parle Martiniquais Louis LAOCHEZ et inaugur\u00e9 par Feu Le Pr\u00e9sident F\u00e9lix HOUPHOUET BOIGNY\u00a0, le Centre Artisanal de Grand Bassam (CAB) est devenu en 2009,<strong>C<\/strong>entre de <strong>R<\/strong>essources <strong>P<\/strong>rofessionnelles <strong>P<\/strong>ays <strong>(CRP)<\/strong>,structure qui est le d\u00e9membrement du <strong>C<\/strong>omit\u00e9 de <strong>C<\/strong>oordination pour le <strong>D<\/strong>\u00e9veloppement et la <strong>P<\/strong>romotion de l\u2019<strong>A<\/strong>rtisanat <strong>A<\/strong>fricain <strong>(CODEPA)<\/strong>\u00a0regroupant 28 pays africains, ayant comme missions principales la promotion, la commercialisation des produits artisanaux ivoiriens \u00e0 partir d\u2019une galerie virtuel d\u00e9nomm\u00e9e <strong>G<\/strong>alerie <strong>V<\/strong>irtuelle de l\u2019<strong>A<\/strong>rtisanat <strong>A<\/strong>fricain (<strong>GVAA<\/strong>) afin de promouvoir le<br>E-commerce et faire la formation continue des artisans. Il est \u00e9galement un Centre de production. <strong>Le CRP en tant qu\u2019Institution Priv\u00e9e, d&rsquo;int\u00e9r\u00eat public est plac\u00e9 sous la tutelle du Minist\u00e8re de l\u2019Artisanat. Il est dirig\u00e9 par un Administrateur G\u00e9n\u00e9ral.<\/strong><\/p><\/div><\/div><\/div>\n<\/div>\n<\/div>\n\n\n\n<div class=\"wp-block-uagb-separator uagb-block-e3f81b60\"><div class=\"wp-block-uagb-separator__inner\" style=\"--my-background-image:\"><\/div><\/div>\n\n\n\n<div class=\"wp-block-uagb-container uagb-block-6c39df98\">\n<div class=\"wp-block-uagb-container uagb-block-b9fa217f\">\n<div class=\"wp-block-uagb-info-box uagb-block-604ec268 uagb-infobox__content-wrap  uagb-infobox-icon-above-title uagb-infobox-image-valign-top wp-block-uagb-info-box--has-margin\"><div class=\"uagb-infobox-margin-wrapper\"><div class=\"uagb-ifb-content\"><div class=\"uagb-ifb-title-wrap\"><span class=\"uagb-ifb-title-prefix\">04.<\/span><h2 class=\"uagb-ifb-title\">International Fair<\/h2><\/div><div class=\"uagb-ifb-separator\"><\/div><p class=\"uagb-ifb-desc\">La foire internationale de l&rsquo;artisanat propose une plateforme unique pour les artisans de la C\u00f4te d&rsquo;Ivoire et d&rsquo;ailleurs. Cet \u00e9v\u00e9nement annuel rassemble des exposants, des acheteurs et des passionn\u00e9s d&rsquo;artisanat, favorisant les \u00e9changes culturels et commerciaux. Des conf\u00e9rences, des ateliers et des spectacles sont au programme, offrant une immersion totale dans l&rsquo;univers de l&rsquo;artisanat. Les visiteurs auront l&rsquo;opportunit\u00e9 de d\u00e9couvrir des produits authentiques, de nouer des partenariats et d&rsquo;enrichir leur connaissance des diff\u00e9rentes cultures artisanales.<\/p><\/div><\/div><\/div>\n<\/div>\n\n\n\n<div class=\"wp-block-uagb-container uagb-block-842b92c5\">\n<div class=\"wp-block-uagb-image alignleft uagb-block-f02e781c wp-block-uagb-image--layout-default wp-block-uagb-image--effect-static wp-block-uagb-image--align-left\"><figure class=\"wp-block-uagb-image__figure\"><img decoding=\"async\" srcset=\"https:\/\/lamaisondesartisans.ci\/wp-content\/uploads\/2024\/11\/WhatsApp-Image-2024-11-16-at-16.26.07.jpeg ,https:\/\/lamaisondesartisans.ci\/wp-content\/uploads\/2024\/11\/WhatsApp-Image-2024-11-16-at-16.26.07.jpeg 780w, https:\/\/lamaisondesartisans.ci\/wp-content\/uploads\/2024\/11\/WhatsApp-Image-2024-11-16-at-16.26.07.jpeg 360w\" sizes=\"auto, (max-width: 480px) 150px\" src=\"https:\/\/lamaisondesartisans.ci\/wp-content\/uploads\/2024\/11\/WhatsApp-Image-2024-11-16-at-16.26.07.jpeg\" alt=\"\" class=\"uag-image-18\" width=\"560\" height=\"500\" title=\"\" loading=\"lazy\" role=\"img\"\/><\/figure><\/div>\n<\/div>\n<\/div>\n<\/div><\/div>\n\n\n\n<div class=\"wp-block-uagb-container uagb-block-0d92c2ce alignfull uagb-is-root-container\"><div class=\"uagb-container-inner-blocks-wrap\">\n<div class=\"wp-block-uagb-info-box uagb-block-dbde4be2 uagb-infobox__content-wrap  uagb-infobox-icon-above-title uagb-infobox-image-valign-top wp-block-uagb-info-box--has-margin\"><div class=\"uagb-infobox-margin-wrapper\"><div class=\"uagb-ifb-content\"><div class=\"uagb-ifb-title-wrap\"><span class=\"uagb-ifb-title-prefix\">Get involved with<\/span><h3 class=\"uagb-ifb-title\">Join our community of artisans today!<\/h3><\/div><p class=\"uagb-ifb-desc\">Sign up to take part in the activities and promote Ivorian crafts.<\/p><div class=\"uagb-ifb-button-wrapper wp-block-button\"><a href=\"\/contact\/\" class=\"uagb-infobox-cta-link wp-block-button__link\" target=\"_self\" rel=\"noopener noreferrer\" onclick=\"return true;\"><span class=\"uagb-inline-editing\">Discover now<\/span><\/a><\/div><\/div><\/div><\/div>\n<\/div><\/div>","protected":false},"excerpt":{"rendered":"","protected":false},"author":1,"featured_media":0,"parent":0,"menu_order":0,"comment_status":"closed","ping_status":"closed","template":"","meta":{"_surecart_dashboard_logo_width":"180px","_surecart_dashboard_show_logo":true,"_surecart_dashboard_navigation_orders":true,"_surecart_dashboard_navigation_invoices":true,"_surecart_dashboard_navigation_subscriptions":true,"_surecart_dashboard_navigation_downloads":true,"_surecart_dashboard_navigation_billing":true,"_surecart_dashboard_navigation_account":true,"_uag_custom_page_level_css":"","site-sidebar-layout":"default","site-content-layout":"","ast-site-content-layout":"","site-content-style":"default","site-sidebar-style":"default","ast-global-header-display":"","ast-banner-title-visibility":"","ast-main-header-display":"","ast-hfb-above-header-display":"","ast-hfb-below-header-display":"","ast-hfb-mobile-header-display":"","site-post-title":"","ast-breadcrumbs-content":"","ast-featured-img":"","footer-sml-layout":"","theme-transparent-header-meta":"","adv-header-id-meta":"","stick-header-meta":"","header-above-stick-meta":"","header-main-stick-meta":"","header-below-stick-meta":"","astra-migrate-meta-layouts":"default","ast-page-background-enabled":"default","ast-page-background-meta":{"desktop":{"background-color":"var(--ast-global-color-4)","background-image":"","background-repeat":"repeat","background-position":"center center","background-size":"auto","background-attachment":"scroll","background-type":"","background-media":"","overlay-type":"","overlay-color":"","overlay-opacity":"","overlay-gradient":""},"tablet":{"background-color":"","background-image":"","background-repeat":"repeat","background-position":"center center","background-size":"auto","background-attachment":"scroll","background-type":"","background-media":"","overlay-type":"","overlay-color":"","overlay-opacity":"","overlay-gradient":""},"mobile":{"background-color":"","background-image":"","background-repeat":"repeat","background-position":"center center","background-size":"auto","background-attachment":"scroll","background-type":"","background-media":"","overlay-type":"","overlay-color":"","overlay-opacity":"","overlay-gradient":""}},"ast-content-background-meta":{"desktop":{"background-color":"var(--ast-global-color-5)","background-image":"","background-repeat":"repeat","background-position":"center center","background-size":"auto","background-attachment":"scroll","background-type":"","background-media":"","overlay-type":"","overlay-color":"","overlay-opacity":"","overlay-gradient":""},"tablet":{"background-color":"var(--ast-global-color-5)","background-image":"","background-repeat":"repeat","background-position":"center center","background-size":"auto","background-attachment":"scroll","background-type":"","background-media":"","overlay-type":"","overlay-color":"","overlay-opacity":"","overlay-gradient":""},"mobile":{"background-color":"var(--ast-global-color-5)","background-image":"","background-repeat":"repeat","background-position":"center center","background-size":"auto","background-attachment":"scroll","background-type":"","background-media":"","overlay-type":"","overlay-color":"","overlay-opacity":"","overlay-gradient":""}},"footnotes":""},"class_list":["post-779","page","type-page","status-publish","hentry"],"uagb_featured_image_src":{"full":false,"thumbnail":false,"medium":false,"medium_large":false,"large":false,"1536x1536":false,"2048x2048":false,"trp-custom-language-flag":false,"woocommerce_thumbnail":false,"woocommerce_single":false,"woocommerce_gallery_thumbnail":false},"uagb_author_info":{"display_name":"cyberlanca77@gmail.com","author_link":"https:\/\/lamaisondesartisans.ci\/en\/author\/cyberlanca77gmail-com\/"},"uagb_comment_info":0,"uagb_excerpt":null,"_links":{"self":[{"href":"https:\/\/lamaisondesartisans.ci\/en\/wp-json\/wp\/v2\/pages\/779","targetHints":{"allow":["GET"]}}],"collection":[{"href":"https:\/\/lamaisondesartisans.ci\/en\/wp-json\/wp\/v2\/pages"}],"about":[{"href":"https:\/\/lamaisondesartisans.ci\/en\/wp-json\/wp\/v2\/types\/page"}],"author":[{"embeddable":true,"href":"https:\/\/lamaisondesartisans.ci\/en\/wp-json\/wp\/v2\/users\/1"}],"replies":[{"embeddable":true,"href":"https:\/\/lamaisondesartisans.ci\/en\/wp-json\/wp\/v2\/comments?post=779"}],"version-history":[{"count":3,"href":"https:\/\/lamaisondesartisans.ci\/en\/wp-json\/wp\/v2\/pages\/779\/revisions"}],"predecessor-version":[{"id":784,"href":"https:\/\/lamaisondesartisans.ci\/en\/wp-json\/wp\/v2\/pages\/779\/revisions\/784"}],"wp:attachment":[{"href":"https:\/\/lamaisondesartisans.ci\/en\/wp-json\/wp\/v2\/media?parent=779"}],"curies":[{"name":"wp","href":"https:\/\/api.w.org\/{rel}","templated":true}]}}