{"id":826,"date":"2024-11-29T06:57:45","date_gmt":"2024-11-29T05:57:45","guid":{"rendered":"https:\/\/lamaisondesartisans.ci\/?post_type=product&#038;p=826"},"modified":"2024-11-29T06:57:45","modified_gmt":"2024-11-29T05:57:45","slug":"collier-ou-bacelet-perle","status":"publish","type":"product","link":"https:\/\/lamaisondesartisans.ci\/en\/product\/collier-ou-bacelet-perle\/","title":{"rendered":"Collier ou bacelet perl\u00e9"},"content":{"rendered":"","protected":false},"excerpt":{"rendered":"<p>Collier ou bracelet perl\u00e9 fait \u00e0 la main<\/p>","protected":false},"featured_media":10,"comment_status":"open","ping_status":"closed","template":"","meta":{"_surecart_dashboard_logo_width":"180px","_surecart_dashboard_show_logo":true,"_surecart_dashboard_navigation_orders":true,"_surecart_dashboard_navigation_invoices":true,"_surecart_dashboard_navigation_subscriptions":true,"_surecart_dashboard_navigation_downloads":true,"_surecart_dashboard_navigation_billing":true,"_surecart_dashboard_navigation_account":true,"_uag_custom_page_level_css":"","site-sidebar-layout":"default","site-content-layout":"","ast-site-content-layout":"default","site-content-style":"default","site-sidebar-style":"default","ast-global-header-display":"","ast-banner-title-visibility":"","ast-main-header-display":"","ast-hfb-above-header-display":"","ast-hfb-below-header-display":"","ast-hfb-mobile-header-display":"","site-post-title":"","ast-breadcrumbs-content":"","ast-featured-img":"","footer-sml-layout":"","theme-transparent-header-meta":"default","adv-header-id-meta":"","stick-header-meta":"","header-above-stick-meta":"","header-main-stick-meta":"","header-below-stick-meta":"","astra-migrate-meta-layouts":"set","ast-page-background-enabled":"default","ast-page-background-meta":{"desktop":{"background-color":"var(--ast-global-color-4)","background-image":"","background-repeat":"repeat","background-position":"center center","background-size":"auto","background-attachment":"scroll","background-type":"","background-media":"","overlay-type":"","overlay-color":"","overlay-opacity":"","overlay-gradient":""},"tablet":{"background-color":"","background-image":"","background-repeat":"repeat","background-position":"center center","background-size":"auto","background-attachment":"scroll","background-type":"","background-media":"","overlay-type":"","overlay-color":"","overlay-opacity":"","overlay-gradient":""},"mobile":{"background-color":"","background-image":"","background-repeat":"repeat","background-position":"center center","background-size":"auto","background-attachment":"scroll","background-type":"","background-media":"","overlay-type":"","overlay-color":"","overlay-opacity":"","overlay-gradient":""}},"ast-content-background-meta":{"desktop":{"background-color":"var(--ast-global-color-5)","background-image":"","background-repeat":"repeat","background-position":"center center","background-size":"auto","background-attachment":"scroll","background-type":"","background-media":"","overlay-type":"","overlay-color":"","overlay-opacity":"","overlay-gradient":""},"tablet":{"background-color":"var(--ast-global-color-5)","background-image":"","background-repeat":"repeat","background-position":"center center","background-size":"auto","background-attachment":"scroll","background-type":"","background-media":"","overlay-type":"","overlay-color":"","overlay-opacity":"","overlay-gradient":""},"mobile":{"background-color":"var(--ast-global-color-5)","background-image":"","background-repeat":"repeat","background-position":"center center","background-size":"auto","background-attachment":"scroll","background-type":"","background-media":"","overlay-type":"","overlay-color":"","overlay-opacity":"","overlay-gradient":""}}},"product_brand":[],"product_cat":[15],"product_tag":[],"class_list":{"0":"post-826","1":"product","2":"type-product","3":"status-publish","4":"has-post-thumbnail","6":"product_cat-non-classe","7":"desktop-align-left","8":"tablet-align-left","9":"mobile-align-left","11":"first","12":"instock","13":"sale","14":"shipping-taxable","15":"purchasable","16":"product-type-simple"},"uagb_featured_image_src":{"full":["https:\/\/lamaisondesartisans.ci\/wp-content\/uploads\/2024\/11\/Artisan-1-1.jpg",1080,719,false],"thumbnail":["https:\/\/lamaisondesartisans.ci\/wp-content\/uploads\/2024\/11\/Artisan-1-1-150x150.jpg",150,150,true],"medium":["https:\/\/lamaisondesartisans.ci\/wp-content\/uploads\/2024\/11\/Artisan-1-1-300x200.jpg",300,200,true],"medium_large":["https:\/\/lamaisondesartisans.ci\/wp-content\/uploads\/2024\/11\/Artisan-1-1-768x511.jpg",768,511,true],"large":["https:\/\/lamaisondesartisans.ci\/wp-content\/uploads\/2024\/11\/Artisan-1-1-1024x682.jpg",1024,682,true],"1536x1536":["https:\/\/lamaisondesartisans.ci\/wp-content\/uploads\/2024\/11\/Artisan-1-1.jpg",1080,719,false],"2048x2048":["https:\/\/lamaisondesartisans.ci\/wp-content\/uploads\/2024\/11\/Artisan-1-1.jpg",1080,719,false],"trp-custom-language-flag":["https:\/\/lamaisondesartisans.ci\/wp-content\/uploads\/2024\/11\/Artisan-1-1.jpg",18,12,false],"woocommerce_thumbnail":["https:\/\/lamaisondesartisans.ci\/wp-content\/uploads\/2024\/11\/Artisan-1-1-300x300.jpg",300,300,true],"woocommerce_single":["https:\/\/lamaisondesartisans.ci\/wp-content\/uploads\/2024\/11\/Artisan-1-1-600x399.jpg",600,399,true],"woocommerce_gallery_thumbnail":["https:\/\/lamaisondesartisans.ci\/wp-content\/uploads\/2024\/11\/Artisan-1-1-100x100.jpg",100,100,true]},"uagb_author_info":{"display_name":"cyberlanca77@gmail.com","author_link":"https:\/\/lamaisondesartisans.ci\/en\/author\/"},"uagb_comment_info":27,"uagb_excerpt":"Collier ou bracelet perl\u00e9 fait \u00e0 la main","_links":{"self":[{"href":"https:\/\/lamaisondesartisans.ci\/en\/wp-json\/wp\/v2\/product\/826","targetHints":{"allow":["GET"]}}],"collection":[{"href":"https:\/\/lamaisondesartisans.ci\/en\/wp-json\/wp\/v2\/product"}],"about":[{"href":"https:\/\/lamaisondesartisans.ci\/en\/wp-json\/wp\/v2\/types\/product"}],"replies":[{"embeddable":true,"href":"https:\/\/lamaisondesartisans.ci\/en\/wp-json\/wp\/v2\/comments?post=826"}],"wp:featuredmedia":[{"embeddable":true,"href":"https:\/\/lamaisondesartisans.ci\/en\/wp-json\/wp\/v2\/media\/10"}],"wp:attachment":[{"href":"https:\/\/lamaisondesartisans.ci\/en\/wp-json\/wp\/v2\/media?parent=826"}],"wp:term":[{"taxonomy":"product_brand","embeddable":true,"href":"https:\/\/lamaisondesartisans.ci\/en\/wp-json\/wp\/v2\/product_brand?post=826"},{"taxonomy":"product_cat","embeddable":true,"href":"https:\/\/lamaisondesartisans.ci\/en\/wp-json\/wp\/v2\/product_cat?post=826"},{"taxonomy":"product_tag","embeddable":true,"href":"https:\/\/lamaisondesartisans.ci\/en\/wp-json\/wp\/v2\/product_tag?post=826"}],"curies":[{"name":"wp","href":"https:\/\/api.w.org\/{rel}","templated":true}]}}